{"id":4977,"date":"2025-11-12T01:24:01","date_gmt":"2025-11-11T22:24:01","guid":{"rendered":"https:\/\/tolayhotel.com\/?page_id=4977"},"modified":"2025-11-12T02:19:14","modified_gmt":"2025-11-11T23:19:14","slug":"politikalarimiz","status":"publish","type":"page","link":"https:\/\/tolayhotel.com\/?page_id=4977","title":{"rendered":"Politikalar\u0131m\u0131z"},"content":{"rendered":"<div class=\"wpb-content-wrapper\"><p>[vc_row][vc_column][vc_tta_tour style=&#8221;modern&#8221; color=&#8221;turquoise&#8221; active_section=&#8221;1&#8243;][vc_tta_section title=&#8221;S\u00fcrd\u00fcr\u00fcebilirlik Turizm Politikam\u0131z&#8221; tab_id=&#8221;1762900871229-39cf24b3-e246&#8243;][vc_column_text]Siz de\u011ferli misafirlerimize en y\u00fcksek kalitede konaklama deneyimi sunmay\u0131 ama\u00e7l\u0131yoruz. Bu do\u011frultuda;<br \/>\nT\u00fcm \u00fcr\u00fcn ve hizmet s\u00fcre\u00e7lerimizde yasal mevzuata ve hukukun \u00fcst\u00fcnl\u00fc\u011f\u00fcne sayg\u0131 duyarak, Ulusal ve Uluslararas\u0131 Kanunlara ve ilgili di\u011fer kanunlara, kurumumuzun uymakla y\u00fck\u00fcml\u00fc oldu\u011fu di\u011fer \u015fartlara uygun hareket ediyoruz.[\/vc_column_text][vc_btn title=&#8221;S\u00dcRD\u00dcR\u00dcLEB\u0130L\u0130R TUR\u0130ZM POL\u0130T\u0130KAMIZ&#8221; color=&#8221;primary&#8221; align=&#8221;right&#8221; i_icon_fontawesome=&#8221;fas fa-tree&#8221; add_icon=&#8221;true&#8221; link=&#8221;url:https%3A%2F%2Ftolayhotel.com%2Fwp-content%2Fuploads%2F2025%2F11%2FSurdurulebilir-Turizm-Politikasi.pdf|title:S%C3%BCrd%C3%BCr%C3%BClebilir%20Turizm%20Politikam%C4%B1z|target:_blank&#8221;][\/vc_tta_section][vc_tta_section title=&#8221;S\u00fcrd\u00fcr\u00fcebilir Turizm Raporu&#8221; tab_id=&#8221;1762900871241-9076f715-6df8&#8243;][vc_column_text]Turizm, insanlara yeni ufuklar a\u00e7an, farkl\u0131 k\u00fclt\u00fcrleri deneyimleme f\u0131rsat\u0131 sunan de\u011ferli bir sekt\u00f6rd\u00fcr. Ancak, bu b\u00fcy\u00fcleyici d\u00fcnyan\u0131n g\u00f6lgesinde, \u00e7evremiz i\u00e7in ciddi tehditler bar\u0131nd\u0131ran sorunlar da bulunmaktad\u0131r. Su kaynaklar\u0131n\u0131n t\u00fckenmesi, canl\u0131 \u00e7e\u015fitlili\u011finin azalmas\u0131 ve artan at\u0131k miktar\u0131 gibi sorunlar, turizmin gelece\u011fini tehdit etmektedir. \u00d6zellikle turizmden \u00f6nemli gelir elde eden T\u00fcrkiye gibi \u00fclkelerde, bu sorunlara kal\u0131c\u0131 \u00e7\u00f6z\u00fcmler bulunmas\u0131 ve gelecek nesillere daha ya\u015fanabilir bir d\u00fcnya b\u0131rakmak i\u00e7in s\u00fcrd\u00fcr\u00fclebilir turizm uygulamalar\u0131na ge\u00e7i\u015f ka\u00e7\u0131n\u0131lmazd\u0131r.[\/vc_column_text][vc_btn title=&#8221;S\u00dcRD\u00dcR\u00dcLEB\u0130L\u0130R TUR\u0130ZM RAPORU&#8221; color=&#8221;primary&#8221; align=&#8221;right&#8221; i_icon_fontawesome=&#8221;fab fa-pagelines&#8221; add_icon=&#8221;true&#8221; link=&#8221;url:https%3A%2F%2Ftolayhotel.com%2Fwp-content%2Fuploads%2F2025%2F11%2FSurdurulebilir-Turizm-Raporu-2025-3.pdf|title:S%C3%BCrd%C3%BCr%C3%BClebilirlik%20Raporu|target:_blank&#8221;][\/vc_tta_section][vc_tta_section title=&#8221;Misafir Memnuniyet Anketi&#8221; tab_id=&#8221;1762901733510-8fabb229-f0f2&#8243;][vc_column_text]Misafirlerimiz i\u00e7in haz\u0131rlam\u0131\u015f oldu\u011fumuz anketi\u00a0 bu ba\u011flant\u0131y\u0131 t\u0131klayarak\u00a0 ula\u015fabilirsiniz.[\/vc_column_text][vc_btn title=&#8221;M\u0130SAF\u0130R MEMNUN\u0130YET ANKET\u0130&#8221; color=&#8221;primary&#8221; align=&#8221;right&#8221; i_icon_fontawesome=&#8221;stmicon-guest&#8221; add_icon=&#8221;true&#8221; link=&#8221;url:https%3A%2F%2Ftolayhotel.com%2Fwp-content%2Fuploads%2F2025%2F11%2FMisafir-Memnuniyeti-Anket.pdf|title:M%C4%B0SAF%C4%B0R%20MEMNUN%C4%B0YET%20ANKET%C4%B0%20|target:_blank&#8221;][\/vc_tta_section][vc_tta_section title=&#8221;Biyo\u00e7e\u015fitlilik Eyem Plan\u0131&#8221; tab_id=&#8221;1762901795656-62f169f0-de19&#8243;][vc_column_text]Do\u011fal kaynaklar\u0131n \u00e7evre ve enerji sorumlulu\u011fu bilinci ile etkin kullan\u0131m\u0131n\u0131 sa\u011flamak\u201d amac\u0131yla; enerji verimlili\u011finin artt\u0131r\u0131lmas\u0131, yenilebilir enerji kaynaklar\u0131n\u0131n olu\u015fturulmas\u0131, kaynak t\u00fcketiminden do\u011facak her t\u00fcrl\u00fc at\u0131klar\u0131n minimum seviyeye indirilmesi, kayna\u011f\u0131nda ayr\u0131\u015ft\u0131r\u0131lmas\u0131 ve tehlikelilerin \u00e7evreye zarar vermeden bertaraf edilmesi vb. konularda ki bilgilendirme d\u00f6k\u00fcmanlar\u0131m\u0131z\u0131 a\u015fa\u011f\u0131daki linkden inceleyebilirsiniz.[\/vc_column_text][vc_btn title=&#8221;B\u0130YO\u00c7E\u015e\u0130TL\u0130L\u0130K EYLEM PLANI&#8221; color=&#8221;primary&#8221; align=&#8221;right&#8221; i_icon_fontawesome=&#8221;fas fa-seedling&#8221; add_icon=&#8221;true&#8221; link=&#8221;url:https%3A%2F%2Ftolayhotel.com%2Fwp-content%2Fuploads%2F2025%2F11%2FBiyocesitlilik-Eylem-Plani.pdf|title:B%C4%B0YO%C3%87E%C5%9E%C4%B0TL%C4%B0L%C4%B0K%20%20EYLEM%20PLANI%20|target:_blank&#8221;][\/vc_tta_section][vc_tta_section title=&#8221;Hayvan Refah\u0131 Politikas\u0131&#8221; tab_id=&#8221;1762901837470-120d28d1-d50f&#8221;][vc_column_text]TOLAY Otel b\u00fcnyesinde hayvan refah\u0131n\u0131n korunmas\u0131n\u0131, yaban hayat\u0131<br \/>\nile ilgili etik kurallar\u0131n uygulanmas\u0131n\u0131 ve turizm faaliyetlerinin hi\u00e7bir \u015fekilde hayvanlara<br \/>\nzarar vermemesini sa\u011flamakt\u0131r.[\/vc_column_text][vc_btn title=&#8221;HAYVAN REFAHI POL\u0130T\u0130KASI&#8221; color=&#8221;primary&#8221; align=&#8221;right&#8221; i_icon_fontawesome=&#8221;fas fa-dog&#8221; add_icon=&#8221;true&#8221; link=&#8221;url:https%3A%2F%2Ftolayhotel.com%2Fwp-content%2Fuploads%2F2025%2F11%2FOtel_Hayvan_Refahi_Politikasi-2.pdf|title:Hayvan%20Refah%C4%B1%20Politikas%C4%B1|target:_blank&#8221;][\/vc_tta_section][\/vc_tta_tour][\/vc_column][\/vc_row]<\/p>\n<\/div>","protected":false},"excerpt":{"rendered":"<p>[vc_row][vc_column][vc_tta_tour style=&#8221;modern&#8221; color=&#8221;turquoise&#8221; active_section=&#8221;1&#8243;][vc_tta_section title=&#8221;S\u00fcrd\u00fcr\u00fcebilirlik Turizm Politikam\u0131z&#8221; tab_id=&#8221;1762900871229-39cf24b3-e246&#8243;][vc_column_text]Siz de\u011ferli misafirlerimize en y\u00fcksek kalitede konaklama deneyimi sunmay\u0131 ama\u00e7l\u0131yoruz. Bu do\u011frultuda; T\u00fcm \u00fcr\u00fcn ve hizmet s\u00fcre\u00e7lerimizde yasal mevzuata ve hukukun \u00fcst\u00fcnl\u00fc\u011f\u00fcne sayg\u0131 duyarak, Ulusal ve Uluslararas\u0131 Kanunlara ve ilgili di\u011fer kanunlara, kurumumuzun uymakla y\u00fck\u00fcml\u00fc oldu\u011fu di\u011fer \u015fartlara uygun hareket ediyoruz.[\/vc_column_text][vc_btn title=&#8221;S\u00dcRD\u00dcR\u00dcLEB\u0130L\u0130R TUR\u0130ZM POL\u0130T\u0130KAMIZ&#8221; color=&#8221;primary&#8221; align=&#8221;right&#8221; i_icon_fontawesome=&#8221;fas fa-tree&#8221; [&hellip;]<\/p>\n","protected":false},"author":1,"featured_media":0,"parent":0,"menu_order":0,"comment_status":"closed","ping_status":"closed","template":"","meta":{"footnotes":""},"class_list":["post-4977","page","type-page","status-publish","hentry"],"_links":{"self":[{"href":"https:\/\/tolayhotel.com\/index.php?rest_route=\/wp\/v2\/pages\/4977","targetHints":{"allow":["GET"]}}],"collection":[{"href":"https:\/\/tolayhotel.com\/index.php?rest_route=\/wp\/v2\/pages"}],"about":[{"href":"https:\/\/tolayhotel.com\/index.php?rest_route=\/wp\/v2\/types\/page"}],"author":[{"embeddable":true,"href":"https:\/\/tolayhotel.com\/index.php?rest_route=\/wp\/v2\/users\/1"}],"replies":[{"embeddable":true,"href":"https:\/\/tolayhotel.com\/index.php?rest_route=%2Fwp%2Fv2%2Fcomments&post=4977"}],"version-history":[{"count":19,"href":"https:\/\/tolayhotel.com\/index.php?rest_route=\/wp\/v2\/pages\/4977\/revisions"}],"predecessor-version":[{"id":5009,"href":"https:\/\/tolayhotel.com\/index.php?rest_route=\/wp\/v2\/pages\/4977\/revisions\/5009"}],"wp:attachment":[{"href":"https:\/\/tolayhotel.com\/index.php?rest_route=%2Fwp%2Fv2%2Fmedia&parent=4977"}],"curies":[{"name":"wp","href":"https:\/\/api.w.org\/{rel}","templated":true}]}}