{"id":1860,"date":"2022-02-23T17:13:21","date_gmt":"2022-02-23T14:13:21","guid":{"rendered":"https:\/\/tolayhotel.com\/?page_id=1860"},"modified":"2022-02-23T17:13:21","modified_gmt":"2022-02-23T14:13:21","slug":"kisisel-verilerin-korunmasi-ilkemiz","status":"publish","type":"page","link":"https:\/\/tolayhotel.com\/?page_id=1860","title":{"rendered":"Ki\u015fisel verilerin korunmas\u0131 ilkemiz"},"content":{"rendered":"<p>De\u011ferli Misafirimiz,<\/p>\n<p>Tolay Hotel olarak, ki\u015fisel verilerin korunmas\u0131 kanununun temel amac\u0131 olan \u00f6zel hayat\u0131n gizlili\u011fi ile temel hak ve \u00f6zg\u00fcrl\u00fcklerin korunmas\u0131na \u00f6nem ve hassasiyet g\u00f6steriyoruz.<\/p>\n<p>1774 Say\u0131l\u0131 kanun kapsam\u0131nda, konaklamak i\u00e7in bizlerle payla\u015ft\u0131\u011f\u0131n\u0131z kimlik (ki\u015fisel) bilgilerinizin yan\u0131nda g\u00fcvenlik kameras\u0131 ile yap\u0131lan g\u00f6r\u00fcnt\u00fc kay\u0131tlar\u0131n\u0131z size daha iyi hizmet ve se\u00e7enekler sunmak i\u00e7in mevzuata uygun \u015fekilde sakl\u0131yor ve kullan\u0131yoruz.<\/p>\n<p>6698 Say\u0131l\u0131 ki\u015fisel verilerin korunmas\u0131 kanun \u00e7er\u00e7evesinde saklanan bilgilerinizin yasal mecralar ve kolluk kuvvetleri d\u0131\u015f\u0131nda \u00fc\u00e7\u00fcnc\u00fc \u015fah\u0131slarla payla\u015fmayaca\u011f\u0131m\u0131z\u0131, yasal saklama s\u00fcresinin sonunda pasif hale getirilece\u011fini, Yasal saklama s\u00fcresinin sonunda talep etmeniz durumunda imha edilece\u011fini belirtmek isteriz.<\/p>\n<p>6698 Say\u0131l\u0131 ki\u015fisel verilerin korunmas\u0131 kanunu kapsam\u0131nda ki\u015fisel verilerinizin i\u015flenmesi ve saklanmas\u0131 hakk\u0131ndaki detayl\u0131 bilgilendirme i\u00e7in otelle ileti\u015fime ge\u00e7ebilirsiniz.<\/p>\n<p>Sayg\u0131lar\u0131m\u0131zla,<\/p>\n<p>Otel Y\u00f6netimi.<\/p>\n","protected":false},"excerpt":{"rendered":"<p>De\u011ferli Misafirimiz, Tolay Hotel olarak, ki\u015fisel verilerin korunmas\u0131 kanununun temel amac\u0131 olan \u00f6zel hayat\u0131n gizlili\u011fi ile temel hak ve \u00f6zg\u00fcrl\u00fcklerin korunmas\u0131na \u00f6nem ve hassasiyet g\u00f6steriyoruz. 1774 Say\u0131l\u0131 kanun kapsam\u0131nda, konaklamak i\u00e7in bizlerle payla\u015ft\u0131\u011f\u0131n\u0131z kimlik (ki\u015fisel) bilgilerinizin yan\u0131nda g\u00fcvenlik kameras\u0131 ile yap\u0131lan g\u00f6r\u00fcnt\u00fc kay\u0131tlar\u0131n\u0131z size daha iyi hizmet ve se\u00e7enekler sunmak i\u00e7in mevzuata uygun \u015fekilde sakl\u0131yor [&hellip;]<\/p>\n","protected":false},"author":2,"featured_media":0,"parent":0,"menu_order":0,"comment_status":"closed","ping_status":"closed","template":"","meta":{"footnotes":""},"class_list":["post-1860","page","type-page","status-publish","hentry"],"_links":{"self":[{"href":"https:\/\/tolayhotel.com\/index.php?rest_route=\/wp\/v2\/pages\/1860","targetHints":{"allow":["GET"]}}],"collection":[{"href":"https:\/\/tolayhotel.com\/index.php?rest_route=\/wp\/v2\/pages"}],"about":[{"href":"https:\/\/tolayhotel.com\/index.php?rest_route=\/wp\/v2\/types\/page"}],"author":[{"embeddable":true,"href":"https:\/\/tolayhotel.com\/index.php?rest_route=\/wp\/v2\/users\/2"}],"replies":[{"embeddable":true,"href":"https:\/\/tolayhotel.com\/index.php?rest_route=%2Fwp%2Fv2%2Fcomments&post=1860"}],"version-history":[{"count":1,"href":"https:\/\/tolayhotel.com\/index.php?rest_route=\/wp\/v2\/pages\/1860\/revisions"}],"predecessor-version":[{"id":1861,"href":"https:\/\/tolayhotel.com\/index.php?rest_route=\/wp\/v2\/pages\/1860\/revisions\/1861"}],"wp:attachment":[{"href":"https:\/\/tolayhotel.com\/index.php?rest_route=%2Fwp%2Fv2%2Fmedia&parent=1860"}],"curies":[{"name":"wp","href":"https:\/\/api.w.org\/{rel}","templated":true}]}}