{"id":1713,"date":"2022-02-15T12:32:14","date_gmt":"2022-02-15T09:32:14","guid":{"rendered":"https:\/\/tolayhotel.com\/?page_id=1713"},"modified":"2025-01-21T12:12:25","modified_gmt":"2025-01-21T09:12:25","slug":"odalarimiz","status":"publish","type":"page","link":"https:\/\/tolayhotel.com\/?page_id=1713","title":{"rendered":"Odalar\u0131m\u0131z"},"content":{"rendered":"<div class=\"wpb-content-wrapper\"><p>[vc_row][vc_column width=&#8221;1\/4&#8243;][stm_info_box icon=&#8221;stmicon-family-room&#8221; image=&#8221;1602&#8243; title=&#8221;4 Ki\u015filik Oda&#8221;]<\/p>\n<p style=\"text-align: center;\">Toplamda 4 adet olan bu oda tipleri,kalabal\u0131k aileler i\u00e7in haz\u0131rlanm\u0131\u015f olup Bir King Size Double Yatak ile \u0130ki Adet Tek Ki\u015filik Ayr\u0131 Yataklar bulunmaktad\u0131r.Be\u015finci ve Alt\u0131nc\u0131 ki\u015filer i\u00e7in de rahatl\u0131kla ayr\u0131 Ek Yatak a\u00e7\u0131labilecek kapasiteye sahipler.<\/p>\n<p style=\"text-align: center;\"><a href=\"https:\/\/tolayhotel.com\/standart-4-kisilik-oda\/\" target=\"_blank\" rel=\"noopener\"><button type=\"button\">Oday\u0131 inceleyin<\/button><\/a><\/p>\n<p>[\/stm_info_box][\/vc_column][vc_column width=&#8221;1\/4&#8243;][stm_info_box icon=&#8221;stmicon-hotel-peoples&#8221; style=&#8221;style_2&#8243; image=&#8221;1651&#8243; title=&#8221;3 Ki\u015filik Oda&#8221;]<\/p>\n<p style=\"text-align: center;\">Toplamda 10 adet olan bu oda tipleri \u00fc\u00e7 ki\u015fiye rahatl\u0131kla hizmet verebilecek \u015fekilde dizayn edilmi\u015f olup \u00fc\u00e7 ayr\u0131 tek ki\u015filik yatak , yada bir adet king size double yatak ile bir adet tek ki\u015filik yatak bulunmaktad\u0131r.<\/p>\n<p style=\"text-align: center;\"><a href=\"https:\/\/tolayhotel.com\/standart-3-kisilik-oda\/\" target=\"_blank\" rel=\"noopener\"><button type=\"button\">Oday\u0131 inceleyin<\/button><\/a><\/p>\n<p>[\/stm_info_box][\/vc_column][vc_column width=&#8221;1\/4&#8243;][stm_info_box icon=&#8221;stmicon-person&#8221; style=&#8221;style_2&#8243; image=&#8221;1652&#8243; title=&#8221;2 Ki\u015filik Oda&#8221;]<\/p>\n<p style=\"text-align: center;\">Toplamda 40 Adet olan \u00e7ift ki\u015filik odalar\u0131m\u0131zda ya ayr\u0131 ayr\u0131 iki adet tek ki\u015filik yatak yada bir adet \u00e7ift ki\u015filik king size double yatak mevcuttur. Standat odalar\u0131m\u0131z\u0131n \u00e7o\u011fu standarttan daha b\u00fcy\u00fck oldu\u011fundan dolay\u0131 \u00fc\u00e7\u00fcn\u00e7\u00fc ki\u015fi gereksinimlerinde de 1 adet ek yatak rahatl\u0131kla ilave edilebilmektedir.<\/p>\n<p style=\"text-align: center;\"><a href=\"https:\/\/tolayhotel.com\/standart-2-kisilik-oda\/\" target=\"_blank\" rel=\"noopener\"><button type=\"button\">Oday\u0131 inceleyin<\/button><\/a><\/p>\n<p>[\/stm_info_box][\/vc_column][vc_column width=&#8221;1\/4&#8243;][stm_info_box icon=&#8221;stmicon-spa&#8221; style=&#8221;style_2&#8243; image=&#8221;1653&#8243; title=&#8221;Bungalov&#8221;]<\/p>\n<p style=\"text-align: center;\">Bungalov evlerimizde rahat\u0131n\u0131z i\u00e7in her\u015feyi d\u00fc\u015f\u00fcnd\u00fck.<\/p>\n<p style=\"text-align: center;\"><a href=\"https:\/\/tolayhotel.com\/bungalov-ev\/\" target=\"_blank\" rel=\"noopener\"><button type=\"button\">Detaylara bak\u0131n<\/button><\/a><\/p>\n<p>[\/stm_info_box][\/vc_column][\/vc_row]<\/p>\n<\/div>","protected":false},"excerpt":{"rendered":"<p>[vc_row][vc_column width=&#8221;1\/4&#8243;][stm_info_box icon=&#8221;stmicon-family-room&#8221; image=&#8221;1602&#8243; title=&#8221;4 Ki\u015filik Oda&#8221;] Toplamda 4 adet olan bu oda tipleri,kalabal\u0131k aileler i\u00e7in haz\u0131rlanm\u0131\u015f olup Bir King Size Double Yatak ile \u0130ki Adet Tek Ki\u015filik Ayr\u0131 Yataklar bulunmaktad\u0131r.Be\u015finci ve Alt\u0131nc\u0131 ki\u015filer i\u00e7in de rahatl\u0131kla ayr\u0131 Ek Yatak a\u00e7\u0131labilecek kapasiteye sahipler. Oday\u0131 inceleyin [\/stm_info_box][\/vc_column][vc_column width=&#8221;1\/4&#8243;][stm_info_box icon=&#8221;stmicon-hotel-peoples&#8221; style=&#8221;style_2&#8243; image=&#8221;1651&#8243; title=&#8221;3 Ki\u015filik Oda&#8221;] Toplamda 10 [&hellip;]<\/p>\n","protected":false},"author":1,"featured_media":0,"parent":0,"menu_order":0,"comment_status":"closed","ping_status":"closed","template":"","meta":{"footnotes":""},"class_list":["post-1713","page","type-page","status-publish","hentry"],"_links":{"self":[{"href":"https:\/\/tolayhotel.com\/index.php?rest_route=\/wp\/v2\/pages\/1713","targetHints":{"allow":["GET"]}}],"collection":[{"href":"https:\/\/tolayhotel.com\/index.php?rest_route=\/wp\/v2\/pages"}],"about":[{"href":"https:\/\/tolayhotel.com\/index.php?rest_route=\/wp\/v2\/types\/page"}],"author":[{"embeddable":true,"href":"https:\/\/tolayhotel.com\/index.php?rest_route=\/wp\/v2\/users\/1"}],"replies":[{"embeddable":true,"href":"https:\/\/tolayhotel.com\/index.php?rest_route=%2Fwp%2Fv2%2Fcomments&post=1713"}],"version-history":[{"count":14,"href":"https:\/\/tolayhotel.com\/index.php?rest_route=\/wp\/v2\/pages\/1713\/revisions"}],"predecessor-version":[{"id":1795,"href":"https:\/\/tolayhotel.com\/index.php?rest_route=\/wp\/v2\/pages\/1713\/revisions\/1795"}],"wp:attachment":[{"href":"https:\/\/tolayhotel.com\/index.php?rest_route=%2Fwp%2Fv2%2Fmedia&parent=1713"}],"curies":[{"name":"wp","href":"https:\/\/api.w.org\/{rel}","templated":true}]}}