{"id":146,"date":"2018-06-04T16:05:39","date_gmt":"2018-06-04T16:05:39","guid":{"rendered":"http:\/\/multipurpose.loc\/hotel\/?page_id=146"},"modified":"2025-11-12T02:18:38","modified_gmt":"2025-11-11T23:18:38","slug":"hakkimizda","status":"publish","type":"page","link":"https:\/\/tolayhotel.com\/?page_id=146","title":{"rendered":"Hakk\u0131m\u0131zda"},"content":{"rendered":"<div class=\"wpb-content-wrapper\"><p>[vc_row][vc_column][stm_spacer height=&#8221;40&#8243; height_tablet=&#8221;30&#8243; height_mobile=&#8221;20&#8243;][\/vc_column][\/vc_row][vc_row equal_height=&#8221;yes&#8221; content_placement=&#8221;middle&#8221; shadow_x_offset=&#8221;0&#8243; shadow_y_offset=&#8221;0&#8243; shadow_blur=&#8221;0&#8243; shadow_spread=&#8221;0&#8243;][vc_column width=&#8221;1\/3&#8243;][vc_custom_heading text=&#8221;Samimi s\u0131cak bir aile ortam\u0131 en m\u00fckemmel konumda&#8221; font_container=&#8221;tag:h3|text_align:center&#8221; use_theme_fonts=&#8221;yes&#8221;][\/vc_column][vc_column width=&#8221;2\/3&#8243;][vc_column_text]<strong><em>TOLAY HOTEL&#8217;de birbirinden g\u00fczel bir \u015fekilde dizayn edilmi\u015f 38 Adet \u0130ki Ki\u015filik Standart Oda, 9 Adet \u00dc\u00e7 Ki\u015filik Triple Oda ve 6 Adet Alt\u0131 Ki\u015filik Aile Odas\u0131 ile toplamda 53 Odas\u0131yla;Havuz,Orman,Bah\u00e7e ve \u00fcnl\u00fc Babada\u011f Manzaralar\u0131yla her ya\u015ftan misafirin zevkine hitap edecek \u015fekilde in\u015fa edilmi\u015ftir. Engelli dostu otel olmam\u0131za ra\u011fmen, fiziki ko\u015fullar\u0131m\u0131z engelli misafirlerimizi a\u011f\u0131rlamaya m\u00fcsait de\u011fildir.<\/em><\/strong><\/p>\n<p><strong><em>KONAKLAMA KONSEPT\u0130<\/em><\/strong><\/p>\n<p><strong><em>Oda ve Kahvalt\u0131&#8217;d\u0131r.<\/em><\/strong><\/p>\n<p><strong><em>A\u00e7\u0131k B\u00dcFE Kahvalt\u0131:08:00 ile 10:00 saatleri aras\u0131nda SELF SERV\u0130S olarak verilmektedir.<\/em><\/strong><\/p>\n<p><strong><em>A&#8217;la Karte Restoran Hizmeti 7g\u00fcn 24 Saat Hizmet vermektedir.<\/em><\/strong><\/p>\n<p><strong><em>Haftan\u0131n Her \u00c7ar\u015famba G\u00fcn\u00fc:20:00 ile 23:00 Saatleri aras\u0131nda Her\u015fey Dahil Gecesi;Yiyecek,\u0130\u00e7ecek,E\u011flence, \u00c7ekili\u015f ve \u00c7e\u015fitli Oyunlar d\u00fczenlenir.<\/em><\/strong>[\/vc_column_text][\/vc_column][\/vc_row][vc_row][vc_column][stm_spacer height=&#8221;80&#8243; height_tablet=&#8221;50&#8243; height_mobile=&#8221;30&#8243;][\/vc_column][\/vc_row][vc_row][vc_column width=&#8221;1\/3&#8243;][vc_single_image image=&#8221;1755&#8243; img_size=&#8221;370&#215;450&#8243; alignment=&#8221;center&#8221; css_animation=&#8221;none&#8221;][stm_spacer height=&#8221;30&#8243; height_tablet=&#8221;20&#8243; height_mobile=&#8221;10&#8243;][\/vc_column][vc_column width=&#8221;1\/3&#8243;][vc_single_image image=&#8221;1756&#8243; img_size=&#8221;370&#215;450&#8243; alignment=&#8221;center&#8221;][stm_spacer height=&#8221;30&#8243; height_tablet=&#8221;20&#8243; height_mobile=&#8221;10&#8243;][\/vc_column][vc_column width=&#8221;1\/3&#8243;][vc_single_image image=&#8221;1551&#8243; img_size=&#8221;370&#215;450&#8243; alignment=&#8221;center&#8221;][stm_spacer height=&#8221;30&#8243; height_tablet=&#8221;20&#8243; height_mobile=&#8221;10&#8243;][\/vc_column][\/vc_row][vc_row][vc_column][stm_spacer height=&#8221;40&#8243; height_tablet=&#8221;30&#8243; height_mobile=&#8221;20&#8243;][\/vc_column][\/vc_row][vc_row full_width=&#8221;stretch_row&#8221; stm_parallax=&#8221;enable&#8221; shadow_x_offset=&#8221;0&#8243; shadow_y_offset=&#8221;0&#8243; shadow_blur=&#8221;0&#8243; shadow_spread=&#8221;0&#8243; shadow_color=&#8221;&#8221; css=&#8221;.vc_custom_1644958815772{margin-bottom: -60px !important;background-image: url(https:\/\/tolayhotel.com\/wp-content\/uploads\/revslider\/frankfurt-slider\/Fethiye-Faralya.jpg?id=1659) !important;}&#8221; stm_transparent_bg=&#8221;rgba(17,17,17,0.5)&#8221;][vc_column css_animation=&#8221;none&#8221; shadow_x_offset=&#8221;0&#8243; shadow_y_offset=&#8221;0&#8243; shadow_blur=&#8221;0&#8243; shadow_spread=&#8221;0&#8243; shadow_color=&#8221;&#8221; offset=&#8221;vc_col-lg-offset-2 vc_col-lg-8 vc_col-md-offset-2 vc_col-md-8 vc_col-xs-12&#8243;][stm_spacer height=&#8221;180&#8243; height_tablet=&#8221;120&#8243; height_mobile=&#8221;70&#8243;][vc_custom_heading text=&#8221;Erken Rezervasyon avantajlar\u0131n\u0131 yakalay\u0131n.&#8221; font_container=&#8221;tag:h3|font_size:72|text_align:center|color:%23ffffff|line_height:80px&#8221; use_theme_fonts=&#8221;yes&#8221; css=&#8221;.vc_custom_1644958891417{margin-bottom: 30px !important;}&#8221;][vc_column_text css=&#8221;.vc_custom_1644958993125{margin-bottom: 40px !important;}&#8221;]<\/p>\n<p style=\"text-align: center; font-size: 18px; line-height: 30px; font-weight: normal;\"><span style=\"color: #ffffff;\">Rezervasyonunu erken yapan kazan\u0131yor %15&#8217;e varan indirimlerden yararlan\u0131yor.<\/span><\/p>\n<p>[\/vc_column_text][stm_button button_pos=&#8221;center&#8221; button_border_color_hover=&#8221;#b55b02&#8243; button_bg_color_hover=&#8221;rgba(0,0,0,0.01)&#8221; link=&#8221;url:https%3A%2F%2Ftolayhotel.rezervasyonal.com%2F|title:Rezervasyon%20Yap%C4%B1n|target:_blank&#8221;][stm_spacer height=&#8221;160&#8243; height_tablet=&#8221;130&#8243; height_mobile=&#8221;70&#8243;][\/vc_column][\/vc_row]<\/p>\n<\/div>","protected":false},"excerpt":{"rendered":"<p>[vc_row][vc_column][stm_spacer height=&#8221;40&#8243; height_tablet=&#8221;30&#8243; height_mobile=&#8221;20&#8243;][\/vc_column][\/vc_row][vc_row equal_height=&#8221;yes&#8221; content_placement=&#8221;middle&#8221; shadow_x_offset=&#8221;0&#8243; shadow_y_offset=&#8221;0&#8243; shadow_blur=&#8221;0&#8243; shadow_spread=&#8221;0&#8243;][vc_column width=&#8221;1\/3&#8243;][vc_custom_heading text=&#8221;Samimi s\u0131cak bir aile ortam\u0131 en m\u00fckemmel konumda&#8221; font_container=&#8221;tag:h3|text_align:center&#8221; use_theme_fonts=&#8221;yes&#8221;][\/vc_column][vc_column width=&#8221;2\/3&#8243;][vc_column_text]TOLAY HOTEL&#8217;de birbirinden g\u00fczel bir \u015fekilde dizayn edilmi\u015f 38 Adet \u0130ki Ki\u015filik Standart Oda, 9 Adet \u00dc\u00e7 Ki\u015filik Triple Oda ve 6 Adet Alt\u0131 Ki\u015filik Aile Odas\u0131 ile toplamda 53 Odas\u0131yla;Havuz,Orman,Bah\u00e7e ve \u00fcnl\u00fc Babada\u011f [&hellip;]<\/p>\n","protected":false},"author":1,"featured_media":0,"parent":0,"menu_order":0,"comment_status":"closed","ping_status":"closed","template":"","meta":{"footnotes":""},"class_list":["post-146","page","type-page","status-publish","hentry"],"_links":{"self":[{"href":"https:\/\/tolayhotel.com\/index.php?rest_route=\/wp\/v2\/pages\/146","targetHints":{"allow":["GET"]}}],"collection":[{"href":"https:\/\/tolayhotel.com\/index.php?rest_route=\/wp\/v2\/pages"}],"about":[{"href":"https:\/\/tolayhotel.com\/index.php?rest_route=\/wp\/v2\/types\/page"}],"author":[{"embeddable":true,"href":"https:\/\/tolayhotel.com\/index.php?rest_route=\/wp\/v2\/users\/1"}],"replies":[{"embeddable":true,"href":"https:\/\/tolayhotel.com\/index.php?rest_route=%2Fwp%2Fv2%2Fcomments&post=146"}],"version-history":[{"count":11,"href":"https:\/\/tolayhotel.com\/index.php?rest_route=\/wp\/v2\/pages\/146\/revisions"}],"predecessor-version":[{"id":5008,"href":"https:\/\/tolayhotel.com\/index.php?rest_route=\/wp\/v2\/pages\/146\/revisions\/5008"}],"wp:attachment":[{"href":"https:\/\/tolayhotel.com\/index.php?rest_route=%2Fwp%2Fv2%2Fmedia&parent=146"}],"curies":[{"name":"wp","href":"https:\/\/api.w.org\/{rel}","templated":true}]}}